{"id":950,"date":"2023-02-05T00:22:07","date_gmt":"2023-02-04T23:22:07","guid":{"rendered":"https:\/\/v2.pappyjohn.ch\/?post_type=product&#038;p=950"},"modified":"2024-12-02T19:05:24","modified_gmt":"2024-12-02T18:05:24","slug":"malabar","status":"publish","type":"product","link":"https:\/\/www.pappyjohn.ch\/index.php\/produit\/malabar\/","title":{"rendered":"Malabar"},"content":{"rendered":"","protected":false},"excerpt":{"rendered":"<p>Pur arabica d&rsquo;Inde, la double fermentation des grains permet un r\u00f4tissage tr\u00e8s l\u00e9ger sans d\u00e9veloppement d&rsquo;acidit\u00e9.<\/p>\n","protected":false},"featured_media":1243,"template":"","meta":[],"product_brand":[],"product_cat":[21],"product_tag":[],"class_list":{"0":"post-950","1":"product","2":"type-product","3":"status-publish","4":"has-post-thumbnail","6":"product_cat-cafes","8":"first","9":"instock","10":"shipping-taxable","11":"purchasable","12":"product-type-variable","13":"has-default-attributes"},"_links":{"self":[{"href":"https:\/\/www.pappyjohn.ch\/index.php\/wp-json\/wp\/v2\/product\/950","targetHints":{"allow":["GET"]}}],"collection":[{"href":"https:\/\/www.pappyjohn.ch\/index.php\/wp-json\/wp\/v2\/product"}],"about":[{"href":"https:\/\/www.pappyjohn.ch\/index.php\/wp-json\/wp\/v2\/types\/product"}],"wp:featuredmedia":[{"embeddable":true,"href":"https:\/\/www.pappyjohn.ch\/index.php\/wp-json\/wp\/v2\/media\/1243"}],"wp:attachment":[{"href":"https:\/\/www.pappyjohn.ch\/index.php\/wp-json\/wp\/v2\/media?parent=950"}],"wp:term":[{"taxonomy":"product_brand","embeddable":true,"href":"https:\/\/www.pappyjohn.ch\/index.php\/wp-json\/wp\/v2\/product_brand?post=950"},{"taxonomy":"product_cat","embeddable":true,"href":"https:\/\/www.pappyjohn.ch\/index.php\/wp-json\/wp\/v2\/product_cat?post=950"},{"taxonomy":"product_tag","embeddable":true,"href":"https:\/\/www.pappyjohn.ch\/index.php\/wp-json\/wp\/v2\/product_tag?post=950"}],"curies":[{"name":"wp","href":"https:\/\/api.w.org\/{rel}","templated":true}]}}