{"id":994,"date":"2023-02-05T00:22:14","date_gmt":"2023-02-04T23:22:14","guid":{"rendered":"https:\/\/v2.pappyjohn.ch\/?post_type=product&#038;p=994"},"modified":"2025-07-05T11:54:53","modified_gmt":"2025-07-05T09:54:53","slug":"perou","status":"publish","type":"product","link":"https:\/\/www.pappyjohn.ch\/index.php\/produit\/perou\/","title":{"rendered":"P\u00e9rou"},"content":{"rendered":"","protected":false},"excerpt":{"rendered":"<p>Pur arabica du P\u00e9rou, caf\u00e9 au r\u00f4tissage soutenu mais conservant une note herbac\u00e9e.<\/p>\n","protected":false},"featured_media":1245,"template":"","meta":[],"product_brand":[],"product_cat":[21],"product_tag":[],"class_list":{"0":"post-994","1":"product","2":"type-product","3":"status-publish","4":"has-post-thumbnail","6":"product_cat-cafes","8":"first","9":"instock","10":"shipping-taxable","11":"purchasable","12":"product-type-variable","13":"has-default-attributes"},"_links":{"self":[{"href":"https:\/\/www.pappyjohn.ch\/index.php\/wp-json\/wp\/v2\/product\/994","targetHints":{"allow":["GET"]}}],"collection":[{"href":"https:\/\/www.pappyjohn.ch\/index.php\/wp-json\/wp\/v2\/product"}],"about":[{"href":"https:\/\/www.pappyjohn.ch\/index.php\/wp-json\/wp\/v2\/types\/product"}],"wp:featuredmedia":[{"embeddable":true,"href":"https:\/\/www.pappyjohn.ch\/index.php\/wp-json\/wp\/v2\/media\/1245"}],"wp:attachment":[{"href":"https:\/\/www.pappyjohn.ch\/index.php\/wp-json\/wp\/v2\/media?parent=994"}],"wp:term":[{"taxonomy":"product_brand","embeddable":true,"href":"https:\/\/www.pappyjohn.ch\/index.php\/wp-json\/wp\/v2\/product_brand?post=994"},{"taxonomy":"product_cat","embeddable":true,"href":"https:\/\/www.pappyjohn.ch\/index.php\/wp-json\/wp\/v2\/product_cat?post=994"},{"taxonomy":"product_tag","embeddable":true,"href":"https:\/\/www.pappyjohn.ch\/index.php\/wp-json\/wp\/v2\/product_tag?post=994"}],"curies":[{"name":"wp","href":"https:\/\/api.w.org\/{rel}","templated":true}]}}